{"id":2455,"date":"2022-10-07T07:06:46","date_gmt":"2022-10-07T07:06:46","guid":{"rendered":"https:\/\/puntalgestion.com\/contacte\/"},"modified":"2025-12-03T19:45:41","modified_gmt":"2025-12-03T19:45:41","slug":"contacte","status":"publish","type":"page","link":"https:\/\/puntalgestion.com\/ca\/contacte\/","title":{"rendered":"Contacte"},"content":{"rendered":"\t\t<div data-elementor-type=\"wp-page\" data-elementor-id=\"2455\" class=\"elementor elementor-2455 elementor-655\">\n\t\t\t\t<div class=\"elementor-element elementor-element-2ff470c e-flex e-con-boxed e-con e-parent\" data-id=\"2ff470c\" data-element_type=\"container\">\n\t\t\t\t\t<div class=\"e-con-inner\">\n\t\t<div class=\"elementor-element elementor-element-98aadb3 e-con-full e-flex e-con e-child\" data-id=\"98aadb3\" data-element_type=\"container\" data-settings=\"{&quot;background_background&quot;:&quot;slideshow&quot;,&quot;background_slideshow_gallery&quot;:[],&quot;background_slideshow_loop&quot;:&quot;yes&quot;,&quot;background_slideshow_slide_duration&quot;:5000,&quot;background_slideshow_slide_transition&quot;:&quot;fade&quot;,&quot;background_slideshow_transition_duration&quot;:500}\">\n\t\t<div class=\"elementor-element elementor-element-67817da e-con-full e-flex e-con e-child\" data-id=\"67817da\" data-element_type=\"container\">\n\t\t\t\t<div class=\"elementor-element elementor-element-4475a77 elementor-widget elementor-widget-heading\" data-id=\"4475a77\" data-element_type=\"widget\" data-widget_type=\"heading.default\">\n\t\t\t\t\t<h2 class=\"elementor-heading-title elementor-size-default\">Posa't en contacte<\/h2>\t\t\t\t<\/div>\n\t\t\t\t<div class=\"elementor-element elementor-element-b3f62d2 elementor-widget elementor-widget-heading\" data-id=\"b3f62d2\" data-element_type=\"widget\" data-widget_type=\"heading.default\">\n\t\t\t\t\t<h2 class=\"elementor-heading-title elementor-size-default\">amb nosaltres<\/h2>\t\t\t\t<\/div>\n\t\t\t\t<div class=\"elementor-element elementor-element-b2dec28 elementor-widget elementor-widget-text-editor\" data-id=\"b2dec28\" data-element_type=\"widget\" data-widget_type=\"text-editor.default\">\n\t\t\t\t\t\t\t\t\t<p>Som aqu\u00ed per ajudar-te. Si necessites m\u00e9s informaci\u00f3 sobre els nostres serveis a domicili al <strong class=\"Yjhzub\" data-processed=\"true\"><a class=\"GI370e\" href=\"https:\/\/www.google.com\/search?q=El+Vall%C3%A8s&amp;oq=Vall%C3%A9s&amp;gs_lcrp=EgZjaHJvbWUyCQgAEEUYORiABDIHCAEQLhiABDIHCAIQLhiABDINCAMQLhivARjHARiABDIHCAQQABiABDIHCAUQABiABDIHCAYQABiABDIHCAcQABiABDIHCAgQABiABDIHCAkQLhiABNIBBzQyN2owajeoAgCwAgA&amp;sourceid=chrome&amp;ie=UTF-8&amp;mstk=AUtExfBTOaUv5ZYqHQsX6g_Emk0E18avIx9G4LyJcKGTb148OqhjihI-1eOxa4kuIcgO7fROrvOGQ2DIyUE4tg9Ra33OcAgxrcJSpoGWLTEhm2-26r4ZtyayJUY3PPUr23_nakIUHK0tiA7Bf35D8ZMhUZHqhNRvW3Ryhs3NAGx-xz2uZ5o&amp;csui=3&amp;ved=2ahUKEwir_sm-3fmQAxWbppUCHe4UAzEQgK4QegQIARAC\" data-wiz-uids=\"POyjde_d\" data-ved=\"2ahUKEwir_sm-3fmQAxWbppUCHe4UAzEQgK4QegQIARAC\" data-hveid=\"CAEQAg\" data-processed=\"true\" rel=\"nofollow noopener\" target=\"_blank\">Vall\u00e8s<\/a><\/strong> o vols sol\u00b7licitar un pressupost, pots trucar-nos, escriure&#8217;ns o emplenar el formulari <\/p>\t\t\t\t\t\t\t\t<\/div>\n\t\t\t\t<div class=\"elementor-element elementor-element-7fef26f elementor-widget elementor-widget-text-editor\" data-id=\"7fef26f\" data-element_type=\"widget\" data-widget_type=\"text-editor.default\">\n\t\t\t\t\t\t\t\t\t<p><strong>Et respondrem en menys de 24 hores.<\/strong><\/p>\t\t\t\t\t\t\t\t<\/div>\n\t\t\t\t<div class=\"elementor-element elementor-element-b47d60f elementor-align-left elementor-icon-list--layout-traditional elementor-list-item-link-full_width elementor-widget elementor-widget-icon-list\" data-id=\"b47d60f\" data-element_type=\"widget\" data-widget_type=\"icon-list.default\">\n\t\t\t\t\t\t\t<ul class=\"elementor-icon-list-items\">\n\t\t\t\t\t\t\t<li class=\"elementor-icon-list-item\">\n\t\t\t\t\t\t\t\t\t\t\t<span class=\"elementor-icon-list-icon\">\n\t\t\t\t\t\t\t<svg aria-hidden=\"true\" class=\"e-font-icon-svg e-fas-phone\" viewBox=\"0 0 512 512\" xmlns=\"http:\/\/www.w3.org\/2000\/svg\"><path d=\"M493.4 24.6l-104-24c-11.3-2.6-22.9 3.3-27.5 13.9l-48 112c-4.2 9.8-1.4 21.3 6.9 28l60.6 49.6c-36 76.7-98.9 140.5-177.2 177.2l-49.6-60.6c-6.8-8.3-18.2-11.1-28-6.9l-112 48C3.9 366.5-2 378.1.6 389.4l24 104C27.1 504.2 36.7 512 48 512c256.1 0 464-207.5 464-464 0-11.2-7.7-20.9-18.6-23.4z\"><\/path><\/svg>\t\t\t\t\t\t<\/span>\n\t\t\t\t\t\t\t\t\t\t<span class=\"elementor-icon-list-text\">+34 644 05 49 11<\/span>\n\t\t\t\t\t\t\t\t\t<\/li>\n\t\t\t\t\t\t\t\t<li class=\"elementor-icon-list-item\">\n\t\t\t\t\t\t\t\t\t\t\t<span class=\"elementor-icon-list-icon\">\n\t\t\t\t\t\t\t<svg aria-hidden=\"true\" class=\"e-font-icon-svg e-fas-clock\" viewBox=\"0 0 512 512\" xmlns=\"http:\/\/www.w3.org\/2000\/svg\"><path d=\"M256,8C119,8,8,119,8,256S119,504,256,504,504,393,504,256,393,8,256,8Zm92.49,313h0l-20,25a16,16,0,0,1-22.49,2.5h0l-67-49.72a40,40,0,0,1-15-31.23V112a16,16,0,0,1,16-16h32a16,16,0,0,1,16,16V256l58,42.5A16,16,0,0,1,348.49,321Z\"><\/path><\/svg>\t\t\t\t\t\t<\/span>\n\t\t\t\t\t\t\t\t\t\t<span class=\"elementor-icon-list-text\">De 8:30hs a 19:30hs<\/span>\n\t\t\t\t\t\t\t\t\t<\/li>\n\t\t\t\t\t\t\t\t<li class=\"elementor-icon-list-item\">\n\t\t\t\t\t\t\t\t\t\t\t<span class=\"elementor-icon-list-icon\">\n\t\t\t\t\t\t\t<svg aria-hidden=\"true\" class=\"e-font-icon-svg e-fas-map-marker-alt\" viewBox=\"0 0 384 512\" xmlns=\"http:\/\/www.w3.org\/2000\/svg\"><path d=\"M172.268 501.67C26.97 291.031 0 269.413 0 192 0 85.961 85.961 0 192 0s192 85.961 192 192c0 77.413-26.97 99.031-172.268 309.67-9.535 13.774-29.93 13.773-39.464 0zM192 272c44.183 0 80-35.817 80-80s-35.817-80-80-80-80 35.817-80 80 35.817 80 80 80z\"><\/path><\/svg>\t\t\t\t\t\t<\/span>\n\t\t\t\t\t\t\t\t\t\t<span class=\"elementor-icon-list-text\">P\/Mare de Deu de Queralt 4 | 08187 Santa Eul\u00e0lia de Ron\u00e7ana, Barcelona<\/span>\n\t\t\t\t\t\t\t\t\t<\/li>\n\t\t\t\t\t\t<\/ul>\n\t\t\t\t\t\t<\/div>\n\t\t\t\t<\/div>\n\t\t<div class=\"elementor-element elementor-element-a49bded e-con-full e-flex e-con e-child\" data-id=\"a49bded\" data-element_type=\"container\">\n\t\t\t\t<div class=\"elementor-element elementor-element-834ccf2 elementor-widget elementor-widget-wpforms\" data-id=\"834ccf2\" data-element_type=\"widget\" data-widget_type=\"wpforms.default\">\n\t\t\t\t<div class=\"elementor-widget-container\">\n\t\t\t\t\t<div class=\"wpforms-container wpforms-render-modern\" id=\"wpforms-1339\"><form id=\"wpforms-form-1339\" class=\"wpforms-validate wpforms-form wpforms-ajax-form\" data-formid=\"1339\" method=\"post\" enctype=\"multipart\/form-data\" action=\"\/ca\/wp-json\/wp\/v2\/pages\/2455\" data-token=\"e0e03a81a66f875cb9ef28df01277223\" data-token-time=\"1776395530\"><noscript class=\"wpforms-error-noscript\">Activeu el JavaScript al navegador per a poder completar el formulari.<\/noscript><div id=\"wpforms-error-noscript\" style=\"display: none;\">Activeu el JavaScript al navegador per a poder completar el formulari.<\/div><div class=\"wpforms-field-container\">\t\t<div id=\"wpforms-1339-field_3-container\"\n\t\t\tclass=\"wpforms-field wpforms-field-text\"\n\t\t\tdata-field-type=\"text\"\n\t\t\tdata-field-id=\"3\"\n\t\t\t>\n\t\t\t<label class=\"wpforms-field-label\" for=\"wpforms-1339-field_3\" >Motiu Correu Explicaci\u00f3<\/label>\n\t\t\t<input type=\"text\" id=\"wpforms-1339-field_3\" class=\"wpforms-field-medium\" name=\"wpforms[fields][3]\" >\n\t\t<\/div>\n\t\t<div id=\"wpforms-1339-field_1-container\" class=\"wpforms-field wpforms-field-name\" data-field-id=\"1\"><fieldset><legend class=\"wpforms-field-label\">Nom <span class=\"wpforms-required-label\" aria-hidden=\"true\">*<\/span><\/legend><div class=\"wpforms-field-row wpforms-field-medium\"><div class=\"wpforms-field-row-block wpforms-first wpforms-one-half\"><input type=\"text\" id=\"wpforms-1339-field_1\" class=\"wpforms-field-name-first wpforms-field-required\" name=\"wpforms[fields][1][first]\" aria-errormessage=\"wpforms-1339-field_1-error\" required><label for=\"wpforms-1339-field_1\" class=\"wpforms-field-sublabel after\">Nom<\/label><\/div><div class=\"wpforms-field-row-block wpforms-one-half\"><input type=\"text\" id=\"wpforms-1339-field_1-last\" class=\"wpforms-field-name-last wpforms-field-required\" name=\"wpforms[fields][1][last]\" aria-errormessage=\"wpforms-1339-field_1-last-error\" required><label for=\"wpforms-1339-field_1-last\" class=\"wpforms-field-sublabel after\">Cognoms<\/label><\/div><\/div><\/fieldset><\/div><div id=\"wpforms-1339-field_2-container\" class=\"wpforms-field wpforms-field-email\" data-field-id=\"2\"><label class=\"wpforms-field-label\" for=\"wpforms-1339-field_2\">Correu electr\u00f2nic <span class=\"wpforms-required-label\" aria-hidden=\"true\">*<\/span><\/label><input type=\"email\" id=\"wpforms-1339-field_2\" class=\"wpforms-field-medium wpforms-field-required\" name=\"wpforms[fields][2]\" spellcheck=\"false\" aria-errormessage=\"wpforms-1339-field_2-error\" required><\/div><div id=\"wpforms-1339-field_6-container\" class=\"wpforms-field wpforms-field-text\" data-field-id=\"6\"><label class=\"wpforms-field-label\" for=\"wpforms-1339-field_6\">Motiu <span class=\"wpforms-required-label\" aria-hidden=\"true\">*<\/span><\/label><input type=\"text\" id=\"wpforms-1339-field_6\" class=\"wpforms-field-medium wpforms-field-required\" name=\"wpforms[fields][6]\" aria-errormessage=\"wpforms-1339-field_6-error\" required><\/div><div id=\"wpforms-1339-field_5-container\" class=\"wpforms-field wpforms-field-textarea\" data-field-id=\"5\"><label class=\"wpforms-field-label\" for=\"wpforms-1339-field_5\">Explicaci\u00f3 <\/label><textarea id=\"wpforms-1339-field_5\" class=\"wpforms-field-medium\" name=\"wpforms[fields][5]\" aria-errormessage=\"wpforms-1339-field_5-error\" ><\/textarea><\/div><script>\n\t\t\t\t( function() {\n\t\t\t\t\tconst style = document.createElement( 'style' );\n\t\t\t\t\tstyle.appendChild( document.createTextNode( '#wpforms-1339-field_3-container { position: absolute !important; overflow: hidden !important; display: inline !important; height: 1px !important; width: 1px !important; z-index: -1000 !important; padding: 0 !important; } #wpforms-1339-field_3-container input { visibility: hidden; } #wpforms-conversational-form-page #wpforms-1339-field_3-container label { counter-increment: none; }' ) );\n\t\t\t\t\tdocument.head.appendChild( style );\n\t\t\t\t\tdocument.currentScript?.remove();\n\t\t\t\t} )();\n\t\t\t<\/script><\/div><!-- .wpforms-field-container --><div class=\"wpforms-submit-container\" ><input type=\"hidden\" name=\"wpforms[id]\" value=\"1339\"><input type=\"hidden\" name=\"page_title\" value=\"\"><input type=\"hidden\" name=\"page_url\" value=\"https:\/\/puntalgestion.com\/ca\/wp-json\/wp\/v2\/pages\/2455\"><input type=\"hidden\" name=\"url_referer\" value=\"\"><button type=\"submit\" name=\"wpforms[submit]\" id=\"wpforms-submit-1339\" class=\"wpforms-submit\" data-alt-text=\"Enviant...\" data-submit-text=\"Enviar\" aria-live=\"assertive\" value=\"wpforms-submit\">Enviar<\/button><img decoding=\"async\" src=\"https:\/\/puntalgestion.com\/wp-content\/plugins\/wpforms-lite\/assets\/images\/submit-spin.svg\" class=\"wpforms-submit-spinner\" style=\"display: none;\" width=\"26\" height=\"26\" alt=\"S&#039;est\u00e0 carregant\"><\/div><\/form><\/div>  <!-- .wpforms-container -->\t\t\t\t<\/div>\n\t\t\t\t<\/div>\n\t\t\t\t<\/div>\n\t\t\t\t<\/div>\n\t\t\t\t\t<\/div>\n\t\t\t\t<\/div>\n\t\t<div class=\"elementor-element elementor-element-791c14f4 e-con-full e-flex e-con e-parent\" data-id=\"791c14f4\" data-element_type=\"container\">\n\t\t<div class=\"elementor-element elementor-element-624b1779 e-con-full e-flex e-con e-child\" data-id=\"624b1779\" data-element_type=\"container\" data-settings=\"{&quot;background_background&quot;:&quot;classic&quot;}\">\n\t\t<div class=\"elementor-element elementor-element-54acf0e0 e-con-full e-flex e-con e-child\" data-id=\"54acf0e0\" data-element_type=\"container\">\n\t\t\t\t<div class=\"elementor-element elementor-element-637f0789 elementor-widget elementor-widget-image\" data-id=\"637f0789\" data-element_type=\"widget\" data-widget_type=\"image.default\">\n\t\t\t\t\t\t\t\t\t\t\t\t\t\t\t<img decoding=\"async\" width=\"300\" height=\"100\" src=\"https:\/\/puntalgestion.com\/wp-content\/uploads\/2025\/11\/logo-negativo-300x100.png\" class=\"attachment-medium size-medium wp-image-2240\" alt=\"logo-negativo\" srcset=\"https:\/\/puntalgestion.com\/wp-content\/uploads\/2025\/11\/logo-negativo-300x100.png 300w, https:\/\/puntalgestion.com\/wp-content\/uploads\/2025\/11\/logo-negativo-1024x340.png 1024w, https:\/\/puntalgestion.com\/wp-content\/uploads\/2025\/11\/logo-negativo-768x255.png 768w, https:\/\/puntalgestion.com\/wp-content\/uploads\/2025\/11\/logo-negativo.png 1366w\" sizes=\"(max-width: 300px) 100vw, 300px\" \/>\t\t\t\t\t\t\t\t\t\t\t\t\t\t\t<\/div>\n\t\t\t\t<\/div>\n\t\t<div class=\"elementor-element elementor-element-3cbcbf86 e-con-full e-flex e-con e-child\" data-id=\"3cbcbf86\" data-element_type=\"container\">\n\t\t\t\t<div class=\"elementor-element elementor-element-5a3195f4 elementor-widget elementor-widget-text-editor\" data-id=\"5a3195f4\" data-element_type=\"widget\" data-widget_type=\"text-editor.default\">\n\t\t\t\t\t\t\t\t\t<p><span style=\"color: #ffffff;\">+34 644 054 911<\/span><br><span style=\"color: #ff6600;\">info@puntalgestion.com<\/span><br><span style=\"color: #ffffff;\">P\/ Mare de D\u00e9u de Queralt, 4, <\/span><br><span style=\"color: #ffffff;\">08187 <\/span><span style=\"color: #ffffff;\">Santa Eul\u00e0lia de Ron\u00e7ana, Barcelona<\/span><\/p><p><span style=\"color: #ff6600;\"><a class=\"zReHs\" href=\"https:\/\/www.tripadvisor.com.ar\/Tourism-g6369107-Santa_Eulalia_de_Ronsana_Catalonia-Vacations.html\" data-ved=\"2ahUKEwiQlov56I-RAxXMkZUCHRKmKJkQFnoECCkQAQ\" rel=\"nofollow noopener\" target=\"_blank\"> <\/a><\/span><\/p><div class=\"notranslate ESMNde HGLrXd ojE3Fb\"><div class=\"q0vns\"><div class=\"eqA2re UnOTSe Vwoesf\" aria-hidden=\"true\"> <\/div><\/div><\/div>\t\t\t\t\t\t\t\t<\/div>\n\t\t\t\t<\/div>\n\t\t<div class=\"elementor-element elementor-element-458bfba7 e-con-full e-flex e-con e-child\" data-id=\"458bfba7\" data-element_type=\"container\">\n\t\t\t\t<div class=\"elementor-element elementor-element-165528b3 elementor-widget elementor-widget-text-editor\" data-id=\"165528b3\" data-element_type=\"widget\" data-widget_type=\"text-editor.default\">\n\t\t\t\t\t\t\t\t\t<p><span style=\"color: #ffffff;\"><a style=\"color: #ffffff;\" href=\"https:\/\/puntalgestion.com\/ca\/\" target=\"_blank\" rel=\"noopener\">Inici<\/a><\/span><br><a style=\"color: #ffffff;\" href=\"https:\/\/puntalgestion.com\/ca\/com-funcionem\/\" target=\"_blank\" rel=\"noopener\">Com funcionem<\/a><br><span style=\"color: #ffffff;\"><a style=\"color: #ffffff;\" href=\"https:\/\/puntalgestion.com\/ca\/serveis\/\" target=\"_blank\" rel=\"noopener\">Serveis<\/a><\/span><br><a style=\"color: #ffffff;\" href=\"https:\/\/puntalgestion.com\/ca\/contacte\/\" target=\"_blank\" rel=\"noopener\">Contacte<\/a><br><br><\/p>\t\t\t\t\t\t\t\t<\/div>\n\t\t\t\t<\/div>\n\t\t<div class=\"elementor-element elementor-element-7485b3be e-con-full e-flex e-con e-child\" data-id=\"7485b3be\" data-element_type=\"container\">\n\t\t\t\t<div class=\"elementor-element elementor-element-5ed4e279 elementor-widget elementor-widget-text-editor\" data-id=\"5ed4e279\" data-element_type=\"widget\" data-widget_type=\"text-editor.default\">\n\t\t\t\t\t\t\t\t\t<p><span style=\"color: #ffffff;\"><a style=\"color: #ffffff;\" href=\"https:\/\/puntalgestion.com\/ca\/politica-de-privacitat\/\" target=\"_blank\" rel=\"noopener\">Pol\u00edtiques Web<\/a><\/span><br \/><span style=\"color: #ffffff;\"><a style=\"color: #ffffff;\" href=\"https:\/\/puntalgestion.com\/ca\/termes-condicions\/\" target=\"_blank\" rel=\"noopener\">Termes i condicions<\/a><\/span><br \/><span style=\"color: #ffffff;\"><a style=\"color: #ffffff;\" href=\"https:\/\/puntalgestion.com\/ca\/cancellacio-de-serveis\/\" target=\"_blank\" rel=\"noopener\">Cancel\u00b7laci\u00f3 de serveis<\/a><\/span><br \/><a title=\"Bloc\" href=\"https:\/\/puntalgestion.com\/ca\/bloc\/\"><span style=\"color: #ffffff;\">Bloc<\/span><\/a><\/p>\t\t\t\t\t\t\t\t<\/div>\n\t\t\t\t<\/div>\n\t\t\t\t<\/div>\n\t\t\t\t<div class=\"elementor-element elementor-element-1af87175 elementor-widget elementor-widget-text-editor\" data-id=\"1af87175\" data-element_type=\"widget\" data-widget_type=\"text-editor.default\">\n\t\t\t\t\t\t\t\t\t<p style=\"text-align: center;\">\u00a9 2025 \u2022 All Rigths Reserved \u2013 Developed by <a title=\"edeon\" href=\"https:\/\/edeon.net\/\" target=\"_blank\" rel=\"noopener nofollow\">edeon<\/a> with the tech collaboration of <a href=\"https:\/\/smart-team.io\/\" target=\"_blank\" rel=\"noopener noreferrer nofollow\">Smart Team Global Performance<\/a><\/p>\t\t\t\t\t\t\t\t<\/div>\n\t\t\t\t<\/div>\n\t\t\t\t<\/div>\n\t\t","protected":false},"excerpt":{"rendered":"<p>Som aqu\u00ed per ajudar-te. Si necessites m\u00e9s informaci\u00f3 sobre els nostres serveis a domicili al <g id=\"gid_0\"><g id=\"gid_1\">Vall\u00e8s<\/g><\/g> o vols sol\u00b7licitar un pressupost, pots trucar-nos, escriure&#8217;ns o emplenar el formulari <\/p>\n","protected":false},"author":4,"featured_media":2456,"parent":0,"menu_order":0,"comment_status":"closed","ping_status":"closed","template":"","meta":{"_monsterinsights_skip_tracking":false,"_monsterinsights_sitenote_active":false,"_monsterinsights_sitenote_note":"","_monsterinsights_sitenote_category":0,"_uf_show_specific_survey":0,"_uf_disable_surveys":false,"_joinchat":[],"footnotes":""},"class_list":["post-2455","page","type-page","status-publish","has-post-thumbnail","hentry"],"blocksy_meta":{"page_title_panel":"","has_hero_section":"disabled","fc2fd2d14c9bab8f4ba2f1d71f6fcd09":"","hero_section":"type-1","hero_elements":[{"id":"custom_title","enabled":true,"heading_tag":"h1","title":"Home"},{"id":"custom_description","enabled":true,"description_visibility":{"desktop":true,"tablet":true,"mobile":false}},{"id":"custom_meta","enabled":false,"meta_elements":[{"id":"author","enabled":true,"label":"By","has_author_avatar":"yes","avatar_size":25},{"id":"post_date","enabled":true,"label":"On","date_format_source":"default","date_format":"M j, Y"},{"id":"updated_date","enabled":false,"label":"On","date_format_source":"default","date_format":"M j, Y"},{"id":"categories","enabled":false,"label":"In","style":"simple"},{"id":"comments","enabled":true}],"page_meta_elements":{"joined":true,"articles_count":true,"comments":true}},{"id":"breadcrumbs","enabled":false}],"2170e7bae4a35074f2598ba846416e29":"","hero_alignment1":"CT_CSS_SKIP_RULE","hero_margin":40,"hero_alignment2":"center","hero_vertical_alignment":"center","56810e4feb2e112cc93a230a9e21cbd2":"","hero_structure":"narrow","e91c3c4bc38ef5ef459ec86d43276726":"","page_title_bg_type":"featured_image","custom_hero_background":{"attachment_id":null},"page_title_image_size":"full","parallax":{"desktop":false,"tablet":false,"mobile":false},"b02c60a8fd56cfdd0d9efb5bb783ca8e":"","hero_height":"250px","pageTitleFont":{"family":"Default","variation":"Default","size":"30px","line-height":"CT_CSS_SKIP_RULE","letter-spacing":"CT_CSS_SKIP_RULE","text-transform":"CT_CSS_SKIP_RULE","text-decoration":"CT_CSS_SKIP_RULE"},"pageTitleFontColor":{"default":{"color":"CT_CSS_SKIP_RULEDEFAULT"}},"pageMetaFont":{"family":"Default","variation":"n6","size":"12px","line-height":"1.3","letter-spacing":"CT_CSS_SKIP_RULE","text-transform":"uppercase","text-decoration":"CT_CSS_SKIP_RULE"},"pageMetaFontColor":{"default":{"color":"CT_CSS_SKIP_RULEDEFAULT"},"hover":{"color":"CT_CSS_SKIP_RULEDEFAULT"}},"page_meta_button_type_font_colors":{"default":{"color":"CT_CSS_SKIP_RULEDEFAULT"},"hover":{"color":"CT_CSS_SKIP_RULEDEFAULT"}},"page_meta_button_type_background_colors":{"default":{"color":"CT_CSS_SKIP_RULEDEFAULT"},"hover":{"color":"CT_CSS_SKIP_RULEDEFAULT"}},"pageExcerptFont":{"family":"Default","variation":"Default","size":"CT_CSS_SKIP_RULE","line-height":"CT_CSS_SKIP_RULE","letter-spacing":"CT_CSS_SKIP_RULE","text-transform":"CT_CSS_SKIP_RULE","text-decoration":"CT_CSS_SKIP_RULE"},"pageExcerptColor":{"default":{"color":"CT_CSS_SKIP_RULEDEFAULT"}},"breadcrumbsFont":{"family":"Default","variation":"Default","size":"CT_CSS_SKIP_RULE","line-height":"CT_CSS_SKIP_RULE","letter-spacing":"CT_CSS_SKIP_RULE","text-transform":"CT_CSS_SKIP_RULE","text-decoration":"CT_CSS_SKIP_RULE"},"breadcrumbsFontColor":{"default":{"color":"CT_CSS_SKIP_RULEDEFAULT"},"initial":{"color":"CT_CSS_SKIP_RULEDEFAULT"},"hover":{"color":"CT_CSS_SKIP_RULEDEFAULT"}},"pageTitleOverlay":{"background_type":"color","background_pattern":"type-1","background_image":{"attachment_id":null,"x":0,"y":0},"gradient":"linear-gradient(135deg,rgba(6,147,227,1) 0%,rgb(155,81,224) 100%)","background_repeat":"repeat","background_size":"auto","background_attachment":"scroll","patternColor":{"default":{"color":"#e5e7ea"}},"overlayColor":{"default":{"color":"CT_CSS_SKIP_RULE"}},"backgroundColor":{"default":{"color":"CT_CSS_SKIP_RULE"}}},"pageTitleBackground":{"background_type":"color","background_pattern":"type-1","background_image":{"attachment_id":null,"x":0,"y":0},"gradient":"linear-gradient(135deg,rgba(6,147,227,1) 0%,rgb(155,81,224) 100%)","background_repeat":"repeat","background_size":"auto","background_attachment":"scroll","patternColor":{"default":{"color":"#e5e7ea"}},"overlayColor":{"default":{"color":"CT_CSS_SKIP_RULE"}},"backgroundColor":{"default":{"color":"var(--theme-palette-color-6)"}}},"pageTitlePadding":{"top":"50px","bottom":"50px","left":"auto","right":"auto","linked":true},"99e67e7125c425ca908127ed97031a55":"","page_structure_type":"default","34c42f317f17a8d786d545fc9b00f0ef":"","content_style_source":"inherit","content_style":"wide","vertical_spacing_source":"custom","content_area_spacing":"none","background":{"background_type":"color","background_pattern":"type-1","background_image":{"attachment_id":null,"x":0,"y":0},"gradient":"linear-gradient(135deg,rgba(6,147,227,1) 0%,rgb(155,81,224) 100%)","background_repeat":"repeat","background_size":"auto","background_attachment":"scroll","patternColor":{"default":{"color":"#e5e7ea"}},"overlayColor":{"default":{"color":"CT_CSS_SKIP_RULE"}},"backgroundColor":{"default":{"color":"CT_CSS_SKIP_RULE"}}},"content_background":{"background_type":"color","background_pattern":"type-1","background_image":{"attachment_id":null,"x":0,"y":0},"gradient":"linear-gradient(135deg,rgba(6,147,227,1) 0%,rgb(155,81,224) 100%)","background_repeat":"repeat","background_size":"auto","background_attachment":"scroll","patternColor":{"default":{"color":"#e5e7ea"}},"overlayColor":{"default":{"color":"CT_CSS_SKIP_RULE"}},"backgroundColor":{"default":{"color":"var(--theme-palette-color-8)"}}},"content_boxed_shadow":{"inherit":false,"blur":18,"spread":-6,"v_offset":12,"h_offset":0,"inset":false,"enable":true,"color":{"color":"rgba(34, 56, 101, 0.04)"}},"content_boxed_border":{"width":1,"style":"none","color":{"color":"rgba(44,62,80,0.2)"}},"content_boxed_radius":{"top":"3px","bottom":"3px","left":"3px","right":"3px","linked":true},"boxed_content_spacing":{"desktop":{"top":"40px","bottom":"40px","left":"40px","right":"40px","linked":true},"tablet":{"top":"35px","bottom":"35px","left":"35px","right":"35px","linked":true},"mobile":{"top":"20px","bottom":"20px","left":"20px","right":"20px","linked":true}},"2d6a6c72961377a9a00484a50d06ca88":"","disable_featured_image":"no","disable_share_box":"no","disable_header":"no","disable_footer":"no","styles_descriptor":{"styles":{"desktop":"","tablet":"","mobile":""},"google_fonts":[],"version":6}},"_links":{"self":[{"href":"https:\/\/puntalgestion.com\/ca\/wp-json\/wp\/v2\/pages\/2455","targetHints":{"allow":["GET"]}}],"collection":[{"href":"https:\/\/puntalgestion.com\/ca\/wp-json\/wp\/v2\/pages"}],"about":[{"href":"https:\/\/puntalgestion.com\/ca\/wp-json\/wp\/v2\/types\/page"}],"author":[{"embeddable":true,"href":"https:\/\/puntalgestion.com\/ca\/wp-json\/wp\/v2\/users\/4"}],"replies":[{"embeddable":true,"href":"https:\/\/puntalgestion.com\/ca\/wp-json\/wp\/v2\/comments?post=2455"}],"version-history":[{"count":9,"href":"https:\/\/puntalgestion.com\/ca\/wp-json\/wp\/v2\/pages\/2455\/revisions"}],"predecessor-version":[{"id":2699,"href":"https:\/\/puntalgestion.com\/ca\/wp-json\/wp\/v2\/pages\/2455\/revisions\/2699"}],"wp:featuredmedia":[{"embeddable":true,"href":"https:\/\/puntalgestion.com\/ca\/wp-json\/wp\/v2\/media\/2456"}],"wp:attachment":[{"href":"https:\/\/puntalgestion.com\/ca\/wp-json\/wp\/v2\/media?parent=2455"}],"curies":[{"name":"wp","href":"https:\/\/api.w.org\/{rel}","templated":true}]}}