{"id":2451,"date":"2025-09-29T17:06:58","date_gmt":"2025-09-29T17:06:58","guid":{"rendered":"https:\/\/puntalgestion.com\/cancellacio-de-serveis\/"},"modified":"2025-12-03T19:44:19","modified_gmt":"2025-12-03T19:44:19","slug":"cancellacio-de-serveis","status":"publish","type":"page","link":"https:\/\/puntalgestion.com\/ca\/cancellacio-de-serveis\/","title":{"rendered":"Cancel\u00b7laci\u00f3 de serveis"},"content":{"rendered":"\t\t<div data-elementor-type=\"wp-page\" data-elementor-id=\"2451\" class=\"elementor elementor-2451 elementor-1411\">\n\t\t\t\t<div class=\"elementor-element elementor-element-cb2e649 e-flex e-con-boxed e-con e-parent\" data-id=\"cb2e649\" data-element_type=\"container\">\n\t\t\t\t\t<div class=\"e-con-inner\">\n\t\t<div class=\"elementor-element elementor-element-d601542 e-con-full e-flex e-con e-child\" data-id=\"d601542\" data-element_type=\"container\" data-settings=\"{&quot;background_background&quot;:&quot;slideshow&quot;,&quot;background_slideshow_gallery&quot;:[],&quot;background_slideshow_loop&quot;:&quot;yes&quot;,&quot;background_slideshow_slide_duration&quot;:5000,&quot;background_slideshow_slide_transition&quot;:&quot;fade&quot;,&quot;background_slideshow_transition_duration&quot;:500}\">\n\t\t<div class=\"elementor-element elementor-element-7d40c14 e-con-full e-flex e-con e-child\" data-id=\"7d40c14\" data-element_type=\"container\">\n\t\t\t\t<div class=\"elementor-element elementor-element-003bc75 elementor-widget elementor-widget-heading\" data-id=\"003bc75\" data-element_type=\"widget\" data-widget_type=\"heading.default\">\n\t\t\t\t\t<h2 class=\"elementor-heading-title elementor-size-default\">Cancel\u00b7laci\u00f3<\/h2>\t\t\t\t<\/div>\n\t\t\t\t<div class=\"elementor-element elementor-element-ec18d92 elementor-widget elementor-widget-heading\" data-id=\"ec18d92\" data-element_type=\"widget\" data-widget_type=\"heading.default\">\n\t\t\t\t\t<h2 class=\"elementor-heading-title elementor-size-default\">de serveis<\/h2>\t\t\t\t<\/div>\n\t\t\t\t<div class=\"elementor-element elementor-element-828b82d elementor-widget elementor-widget-text-editor\" data-id=\"828b82d\" data-element_type=\"widget\" data-widget_type=\"text-editor.default\">\n\t\t\t\t\t\t\t\t\t<p>Sentim que vulguis cancel\u00b7lar el teu servei. Abans de confirmar, explica&#8217;ns el motiu. Aix\u00f2 ens ajuda a millorar.   <\/p>\t\t\t\t\t\t\t\t<\/div>\n\t\t\t\t<div class=\"elementor-element elementor-element-ccb2b78 elementor-align-left elementor-widget elementor-widget-button\" data-id=\"ccb2b78\" data-element_type=\"widget\" data-widget_type=\"button.default\">\n\t\t\t\t\t\t\t\t\t\t<a class=\"elementor-button elementor-button-link elementor-size-sm\" href=\"#\">\n\t\t\t\t\t\t<span class=\"elementor-button-content-wrapper\">\n\t\t\t\t\t\t\t\t\t<span class=\"elementor-button-text\">No s'hi aplicaran c\u00e0rrecs si la cancel\u00b7laci\u00f3 es produeix amb m\u00e9s de 24 hores d'antelaci\u00f3.<\/span>\n\t\t\t\t\t<\/span>\n\t\t\t\t\t<\/a>\n\t\t\t\t\t\t\t\t<\/div>\n\t\t\t\t<div class=\"elementor-element elementor-element-ea455e6 elementor-align-left elementor-icon-list--layout-traditional elementor-list-item-link-full_width elementor-widget elementor-widget-icon-list\" data-id=\"ea455e6\" data-element_type=\"widget\" data-widget_type=\"icon-list.default\">\n\t\t\t\t\t\t\t<ul class=\"elementor-icon-list-items\">\n\t\t\t\t\t\t\t<li class=\"elementor-icon-list-item\">\n\t\t\t\t\t\t\t\t\t\t\t<span class=\"elementor-icon-list-icon\">\n\t\t\t\t\t\t\t<svg aria-hidden=\"true\" class=\"e-font-icon-svg e-fas-phone\" viewBox=\"0 0 512 512\" xmlns=\"http:\/\/www.w3.org\/2000\/svg\"><path d=\"M493.4 24.6l-104-24c-11.3-2.6-22.9 3.3-27.5 13.9l-48 112c-4.2 9.8-1.4 21.3 6.9 28l60.6 49.6c-36 76.7-98.9 140.5-177.2 177.2l-49.6-60.6c-6.8-8.3-18.2-11.1-28-6.9l-112 48C3.9 366.5-2 378.1.6 389.4l24 104C27.1 504.2 36.7 512 48 512c256.1 0 464-207.5 464-464 0-11.2-7.7-20.9-18.6-23.4z\"><\/path><\/svg>\t\t\t\t\t\t<\/span>\n\t\t\t\t\t\t\t\t\t\t<span class=\"elementor-icon-list-text\">+34 644 05 49 11<\/span>\n\t\t\t\t\t\t\t\t\t<\/li>\n\t\t\t\t\t\t\t\t<li class=\"elementor-icon-list-item\">\n\t\t\t\t\t\t\t\t\t\t\t<span class=\"elementor-icon-list-icon\">\n\t\t\t\t\t\t\t<svg aria-hidden=\"true\" class=\"e-font-icon-svg e-fas-clock\" viewBox=\"0 0 512 512\" xmlns=\"http:\/\/www.w3.org\/2000\/svg\"><path d=\"M256,8C119,8,8,119,8,256S119,504,256,504,504,393,504,256,393,8,256,8Zm92.49,313h0l-20,25a16,16,0,0,1-22.49,2.5h0l-67-49.72a40,40,0,0,1-15-31.23V112a16,16,0,0,1,16-16h32a16,16,0,0,1,16,16V256l58,42.5A16,16,0,0,1,348.49,321Z\"><\/path><\/svg>\t\t\t\t\t\t<\/span>\n\t\t\t\t\t\t\t\t\t\t<span class=\"elementor-icon-list-text\">De 8:30hs a 19:30hs<\/span>\n\t\t\t\t\t\t\t\t\t<\/li>\n\t\t\t\t\t\t\t\t<li class=\"elementor-icon-list-item\">\n\t\t\t\t\t\t\t\t\t\t\t<span class=\"elementor-icon-list-icon\">\n\t\t\t\t\t\t\t<svg aria-hidden=\"true\" class=\"e-font-icon-svg e-fas-map-marker-alt\" viewBox=\"0 0 384 512\" xmlns=\"http:\/\/www.w3.org\/2000\/svg\"><path d=\"M172.268 501.67C26.97 291.031 0 269.413 0 192 0 85.961 85.961 0 192 0s192 85.961 192 192c0 77.413-26.97 99.031-172.268 309.67-9.535 13.774-29.93 13.773-39.464 0zM192 272c44.183 0 80-35.817 80-80s-35.817-80-80-80-80 35.817-80 80 35.817 80 80 80z\"><\/path><\/svg>\t\t\t\t\t\t<\/span>\n\t\t\t\t\t\t\t\t\t\t<span class=\"elementor-icon-list-text\">P\/Mare de Deu de Queralt 4 | 08187 Santa Eul\u00e0lia de Ron\u00e7ana, Barcelona<\/span>\n\t\t\t\t\t\t\t\t\t<\/li>\n\t\t\t\t\t\t<\/ul>\n\t\t\t\t\t\t<\/div>\n\t\t\t\t<\/div>\n\t\t<div class=\"elementor-element elementor-element-58dc17d e-con-full e-flex e-con e-child\" data-id=\"58dc17d\" data-element_type=\"container\">\n\t\t\t\t<div class=\"elementor-element elementor-element-db8d88d elementor-widget elementor-widget-wpforms\" data-id=\"db8d88d\" data-element_type=\"widget\" data-widget_type=\"wpforms.default\">\n\t\t\t\t<div class=\"elementor-widget-container\">\n\t\t\t\t\t<div class=\"wpforms-container wpforms-render-modern\" id=\"wpforms-1343\"><form id=\"wpforms-form-1343\" class=\"wpforms-validate wpforms-form wpforms-ajax-form\" data-formid=\"1343\" method=\"post\" enctype=\"multipart\/form-data\" action=\"\/ca\/wp-json\/wp\/v2\/pages\/2451\" data-token=\"8e5c0ed9f28d0566231b7903e27fb2f2\" data-token-time=\"1776396833\"><noscript class=\"wpforms-error-noscript\">Activeu el JavaScript al navegador per a poder completar el formulari.<\/noscript><div id=\"wpforms-error-noscript\" style=\"display: none;\">Activeu el JavaScript al navegador per a poder completar el formulari.<\/div><div class=\"wpforms-field-container\"><div id=\"wpforms-1343-field_3-container\" class=\"wpforms-field wpforms-field-name\" data-field-id=\"3\"><fieldset><legend class=\"wpforms-field-label\">Nom <span class=\"wpforms-required-label\" aria-hidden=\"true\">*<\/span><\/legend><div class=\"wpforms-field-row wpforms-field-medium\"><div class=\"wpforms-field-row-block wpforms-first wpforms-one-half\"><input type=\"text\" id=\"wpforms-1343-field_3\" class=\"wpforms-field-name-first wpforms-field-required\" name=\"wpforms[fields][3][first]\" aria-errormessage=\"wpforms-1343-field_3-error\" aria-describedby=\"wpforms-1343-field_3-description\" required><label for=\"wpforms-1343-field_3\" class=\"wpforms-field-sublabel after\">Nom<\/label><\/div><div class=\"wpforms-field-row-block wpforms-one-half\"><input type=\"text\" id=\"wpforms-1343-field_3-last\" class=\"wpforms-field-name-last wpforms-field-required\" name=\"wpforms[fields][3][last]\" aria-errormessage=\"wpforms-1343-field_3-last-error\" aria-describedby=\"wpforms-1343-field_3-description\" required><label for=\"wpforms-1343-field_3-last\" class=\"wpforms-field-sublabel after\">Cognoms<\/label><\/div><\/div><div id=\"wpforms-1343-field_3-description\" class=\"wpforms-field-description\">Recorda utilitzar el mateix nom amb el qual vas contractar el servei<\/div><\/fieldset><\/div><div id=\"wpforms-1343-field_4-container\" class=\"wpforms-field wpforms-field-email\" data-field-id=\"4\"><label class=\"wpforms-field-label\" for=\"wpforms-1343-field_4\">Correu electr\u00f2nic <span class=\"wpforms-required-label\" aria-hidden=\"true\">*<\/span><\/label><input type=\"email\" id=\"wpforms-1343-field_4\" class=\"wpforms-field-medium wpforms-field-required\" name=\"wpforms[fields][4]\" spellcheck=\"false\" aria-errormessage=\"wpforms-1343-field_4-error\" aria-describedby=\"wpforms-1343-field_4-description\" required><div id=\"wpforms-1343-field_4-description\" class=\"wpforms-field-description\">Recorda utilitzar el mateix correu amb el qual vas contractar el servei<\/div><\/div><div id=\"wpforms-1343-field_1-container\" class=\"wpforms-field wpforms-field-radio\" data-field-id=\"1\"><fieldset><legend class=\"wpforms-field-label\">Ra\u00f3 <span class=\"wpforms-required-label\" aria-hidden=\"true\">*<\/span><\/legend><ul id=\"wpforms-1343-field_1\" class=\"wpforms-field-required\"><li class=\"choice-1 depth-1\"><input type=\"radio\" id=\"wpforms-1343-field_1_1\" name=\"wpforms[fields][1]\" value=\"Ja no el necessito\" aria-errormessage=\"wpforms-1343-field_1_1-error\" required ><label class=\"wpforms-field-label-inline\" for=\"wpforms-1343-field_1_1\">Ja no el necessito<\/label><\/li><li class=\"choice-2 depth-1\"><input type=\"radio\" id=\"wpforms-1343-field_1_2\" name=\"wpforms[fields][1]\" value=\"He trobat una altra opci\u00f3\" aria-errormessage=\"wpforms-1343-field_1_2-error\" required ><label class=\"wpforms-field-label-inline\" for=\"wpforms-1343-field_1_2\">He trobat una altra opci\u00f3<\/label><\/li><li class=\"choice-3 depth-1\"><input type=\"radio\" id=\"wpforms-1343-field_1_3\" name=\"wpforms[fields][1]\" value=\"El preu no s&#039;ajusta al que buscava\" aria-errormessage=\"wpforms-1343-field_1_3-error\" required ><label class=\"wpforms-field-label-inline\" for=\"wpforms-1343-field_1_3\">El preu no s'ajusta al que buscava<\/label><\/li><li class=\"choice-4 depth-1\"><input type=\"radio\" id=\"wpforms-1343-field_1_4\" name=\"wpforms[fields][1]\" value=\"Prefereixo fer-ho jo mateix\/a\" aria-errormessage=\"wpforms-1343-field_1_4-error\" required ><label class=\"wpforms-field-label-inline\" for=\"wpforms-1343-field_1_4\">Prefereixo fer-ho jo mateix\/a<\/label><\/li><li class=\"choice-5 depth-1\"><input type=\"radio\" id=\"wpforms-1343-field_1_5\" name=\"wpforms[fields][1]\" value=\"Un altre motiu\" aria-errormessage=\"wpforms-1343-field_1_5-error\" required ><label class=\"wpforms-field-label-inline\" for=\"wpforms-1343-field_1_5\">Un altre motiu<\/label><\/li><\/ul><\/fieldset><\/div>\t\t<div id=\"wpforms-1343-field_5-container\"\n\t\t\tclass=\"wpforms-field wpforms-field-text\"\n\t\t\tdata-field-type=\"text\"\n\t\t\tdata-field-id=\"5\"\n\t\t\t>\n\t\t\t<label class=\"wpforms-field-label\" for=\"wpforms-1343-field_5\" >electr\u00f2nic Nom Ra\u00f3<\/label>\n\t\t\t<input type=\"text\" id=\"wpforms-1343-field_5\" class=\"wpforms-field-medium\" name=\"wpforms[fields][5]\" >\n\t\t<\/div>\n\t\t<div id=\"wpforms-1343-field_2-container\" class=\"wpforms-field wpforms-field-textarea\" data-field-id=\"2\"><label class=\"wpforms-field-label\" for=\"wpforms-1343-field_2\">Motiu<\/label><textarea id=\"wpforms-1343-field_2\" class=\"wpforms-field-medium\" name=\"wpforms[fields][2]\" aria-errormessage=\"wpforms-1343-field_2-error\" ><\/textarea><\/div><script>\n\t\t\t\t( function() {\n\t\t\t\t\tconst style = document.createElement( 'style' );\n\t\t\t\t\tstyle.appendChild( document.createTextNode( '#wpforms-1343-field_5-container { position: absolute !important; overflow: hidden !important; display: inline !important; height: 1px !important; width: 1px !important; z-index: -1000 !important; padding: 0 !important; } #wpforms-1343-field_5-container input { visibility: hidden; } #wpforms-conversational-form-page #wpforms-1343-field_5-container label { counter-increment: none; }' ) );\n\t\t\t\t\tdocument.head.appendChild( style );\n\t\t\t\t\tdocument.currentScript?.remove();\n\t\t\t\t} )();\n\t\t\t<\/script><\/div><!-- .wpforms-field-container --><div class=\"wpforms-submit-container\" ><input type=\"hidden\" name=\"wpforms[id]\" value=\"1343\"><input type=\"hidden\" name=\"page_title\" value=\"\"><input type=\"hidden\" name=\"page_url\" value=\"https:\/\/puntalgestion.com\/ca\/wp-json\/wp\/v2\/pages\/2451\"><input type=\"hidden\" name=\"url_referer\" value=\"\"><button type=\"submit\" name=\"wpforms[submit]\" id=\"wpforms-submit-1343\" class=\"wpforms-submit\" data-alt-text=\"Enviant...\" data-submit-text=\"Enviar\" aria-live=\"assertive\" value=\"wpforms-submit\">Enviar<\/button><img decoding=\"async\" src=\"https:\/\/puntalgestion.com\/wp-content\/plugins\/wpforms-lite\/assets\/images\/submit-spin.svg\" class=\"wpforms-submit-spinner\" style=\"display: none;\" width=\"26\" height=\"26\" alt=\"S&#039;est\u00e0 carregant\"><\/div><\/form><\/div>  <!-- .wpforms-container -->\t\t\t\t<\/div>\n\t\t\t\t<\/div>\n\t\t\t\t<\/div>\n\t\t\t\t<\/div>\n\t\t\t\t\t<\/div>\n\t\t\t\t<\/div>\n\t\t<div class=\"elementor-element elementor-element-440a680f e-con-full e-flex e-con e-parent\" data-id=\"440a680f\" data-element_type=\"container\">\n\t\t<div class=\"elementor-element elementor-element-51cd54d9 e-con-full e-flex e-con e-child\" data-id=\"51cd54d9\" data-element_type=\"container\" data-settings=\"{&quot;background_background&quot;:&quot;classic&quot;}\">\n\t\t<div class=\"elementor-element elementor-element-67d97a09 e-con-full e-flex e-con e-child\" data-id=\"67d97a09\" data-element_type=\"container\">\n\t\t\t\t<div class=\"elementor-element elementor-element-320a0ae0 elementor-widget elementor-widget-image\" data-id=\"320a0ae0\" data-element_type=\"widget\" data-widget_type=\"image.default\">\n\t\t\t\t\t\t\t\t\t\t\t\t\t\t\t<img decoding=\"async\" width=\"300\" height=\"100\" src=\"https:\/\/puntalgestion.com\/wp-content\/uploads\/2025\/11\/logo-negativo-300x100.png\" class=\"attachment-medium size-medium wp-image-2240\" alt=\"logo-negativo\" srcset=\"https:\/\/puntalgestion.com\/wp-content\/uploads\/2025\/11\/logo-negativo-300x100.png 300w, https:\/\/puntalgestion.com\/wp-content\/uploads\/2025\/11\/logo-negativo-1024x340.png 1024w, https:\/\/puntalgestion.com\/wp-content\/uploads\/2025\/11\/logo-negativo-768x255.png 768w, https:\/\/puntalgestion.com\/wp-content\/uploads\/2025\/11\/logo-negativo.png 1366w\" sizes=\"(max-width: 300px) 100vw, 300px\" \/>\t\t\t\t\t\t\t\t\t\t\t\t\t\t\t<\/div>\n\t\t\t\t<\/div>\n\t\t<div class=\"elementor-element elementor-element-2272af46 e-con-full e-flex e-con e-child\" data-id=\"2272af46\" data-element_type=\"container\">\n\t\t\t\t<div class=\"elementor-element elementor-element-2c6bd949 elementor-widget elementor-widget-text-editor\" data-id=\"2c6bd949\" data-element_type=\"widget\" data-widget_type=\"text-editor.default\">\n\t\t\t\t\t\t\t\t\t<p><span style=\"color: #ffffff;\">+34 644 054 911<\/span><br><span style=\"color: #ff6600;\">info@puntalgestion.com<\/span><br><span style=\"color: #ffffff;\">P\/ Mare de D\u00e9u de Queralt, 4, <\/span><br><span style=\"color: #ffffff;\">08187 <\/span><span style=\"color: #ffffff;\">Santa Eul\u00e0lia de Ron\u00e7ana, Barcelona<\/span><\/p><p><span style=\"color: #ff6600;\"><a class=\"zReHs\" href=\"https:\/\/www.tripadvisor.com.ar\/Tourism-g6369107-Santa_Eulalia_de_Ronsana_Catalonia-Vacations.html\" data-ved=\"2ahUKEwiQlov56I-RAxXMkZUCHRKmKJkQFnoECCkQAQ\" rel=\"nofollow noopener\" target=\"_blank\"> <\/a><\/span><\/p><div class=\"notranslate ESMNde HGLrXd ojE3Fb\"><div class=\"q0vns\"><div class=\"eqA2re UnOTSe Vwoesf\" aria-hidden=\"true\"> <\/div><\/div><\/div>\t\t\t\t\t\t\t\t<\/div>\n\t\t\t\t<\/div>\n\t\t<div class=\"elementor-element elementor-element-6017eb46 e-con-full e-flex e-con e-child\" data-id=\"6017eb46\" data-element_type=\"container\">\n\t\t\t\t<div class=\"elementor-element elementor-element-55a1d718 elementor-widget elementor-widget-text-editor\" data-id=\"55a1d718\" data-element_type=\"widget\" data-widget_type=\"text-editor.default\">\n\t\t\t\t\t\t\t\t\t<p><span style=\"color: #ffffff;\"><a style=\"color: #ffffff;\" href=\"https:\/\/puntalgestion.com\/ca\/\" target=\"_blank\" rel=\"noopener\">Inici<\/a><\/span><br><a style=\"color: #ffffff;\" href=\"https:\/\/puntalgestion.com\/ca\/com-funcionem\/\" target=\"_blank\" rel=\"noopener\">Com funcionem<\/a><br><span style=\"color: #ffffff;\"><a style=\"color: #ffffff;\" href=\"https:\/\/puntalgestion.com\/ca\/serveis\/\" target=\"_blank\" rel=\"noopener\">Serveis<\/a><\/span><br><a style=\"color: #ffffff;\" href=\"https:\/\/puntalgestion.com\/ca\/contacte\/\" target=\"_blank\" rel=\"noopener\">Contacte<\/a><br><br><\/p>\t\t\t\t\t\t\t\t<\/div>\n\t\t\t\t<\/div>\n\t\t<div class=\"elementor-element elementor-element-23cccc08 e-con-full e-flex e-con e-child\" data-id=\"23cccc08\" data-element_type=\"container\">\n\t\t\t\t<div class=\"elementor-element elementor-element-d7a43c7 elementor-widget elementor-widget-text-editor\" data-id=\"d7a43c7\" data-element_type=\"widget\" data-widget_type=\"text-editor.default\">\n\t\t\t\t\t\t\t\t\t<p><span style=\"color: #ffffff;\"><a style=\"color: #ffffff;\" href=\"https:\/\/puntalgestion.com\/ca\/politica-de-privacitat\/\" target=\"_blank\" rel=\"noopener\">Pol\u00edtiques Web<\/a><\/span><br \/><span style=\"color: #ffffff;\"><a style=\"color: #ffffff;\" href=\"https:\/\/puntalgestion.com\/ca\/termes-condicions\/\" target=\"_blank\" rel=\"noopener\">Termes i condicions<\/a><\/span><br \/><span style=\"color: #ffffff;\"><a style=\"color: #ffffff;\" href=\"https:\/\/puntalgestion.com\/ca\/cancellacio-de-serveis\/\" target=\"_blank\" rel=\"noopener\">Cancel\u00b7laci\u00f3 de serveis<\/a><\/span><br \/><a title=\"Bloc\" href=\"https:\/\/puntalgestion.com\/ca\/bloc\/\"><span style=\"color: #ffffff;\">Bloc<\/span><\/a><\/p>\t\t\t\t\t\t\t\t<\/div>\n\t\t\t\t<\/div>\n\t\t\t\t<\/div>\n\t\t\t\t<div class=\"elementor-element elementor-element-979c526 elementor-widget elementor-widget-text-editor\" data-id=\"979c526\" data-element_type=\"widget\" data-widget_type=\"text-editor.default\">\n\t\t\t\t\t\t\t\t\t<p style=\"text-align: center;\">\u00a9 2025 \u2022 All Rigths Reserved \u2013 Developed by <a title=\"edeon\" href=\"https:\/\/edeon.net\/\" target=\"_blank\" rel=\"noopener nofollow\">edeon<\/a> with the tech collaboration of <a href=\"https:\/\/smart-team.io\/\" target=\"_blank\" rel=\"noopener noreferrer nofollow\">Smart Team Global Performance<\/a><\/p>\t\t\t\t\t\t\t\t<\/div>\n\t\t\t\t<\/div>\n\t\t\t\t<\/div>\n\t\t","protected":false},"excerpt":{"rendered":"<p>Cancel\u00b7laci\u00f3 de serveis Sentim que vulguis cancel\u00b7lar el teu servei. Abans de confirmar, explica&#8217;ns el motiu. Aix\u00f2 ens ajuda a millorar. No s&#8217;hi aplicaran c\u00e0rrecs si la cancel\u00b7laci\u00f3 es produeix amb m\u00e9s de 24 hores d&#8217;antelaci\u00f3. +34 644 05 49 11 De 8:30hs a 19:30hs P\/Mare de Deu de Queralt 4 | 08187 Santa Eul\u00e0lia [&hellip;]<\/p>\n","protected":false},"author":4,"featured_media":0,"parent":0,"menu_order":0,"comment_status":"closed","ping_status":"closed","template":"","meta":{"_monsterinsights_skip_tracking":false,"_monsterinsights_sitenote_active":false,"_monsterinsights_sitenote_note":"","_monsterinsights_sitenote_category":0,"_uf_show_specific_survey":0,"_uf_disable_surveys":false,"_joinchat":[],"footnotes":""},"class_list":["post-2451","page","type-page","status-publish","hentry"],"blocksy_meta":{"has_hero_section":"disabled","styles_descriptor":{"styles":{"desktop":"","tablet":"","mobile":""},"google_fonts":[],"version":6},"vertical_spacing_source":"custom","content_area_spacing":"none"},"_links":{"self":[{"href":"https:\/\/puntalgestion.com\/ca\/wp-json\/wp\/v2\/pages\/2451","targetHints":{"allow":["GET"]}}],"collection":[{"href":"https:\/\/puntalgestion.com\/ca\/wp-json\/wp\/v2\/pages"}],"about":[{"href":"https:\/\/puntalgestion.com\/ca\/wp-json\/wp\/v2\/types\/page"}],"author":[{"embeddable":true,"href":"https:\/\/puntalgestion.com\/ca\/wp-json\/wp\/v2\/users\/4"}],"replies":[{"embeddable":true,"href":"https:\/\/puntalgestion.com\/ca\/wp-json\/wp\/v2\/comments?post=2451"}],"version-history":[{"count":5,"href":"https:\/\/puntalgestion.com\/ca\/wp-json\/wp\/v2\/pages\/2451\/revisions"}],"predecessor-version":[{"id":2692,"href":"https:\/\/puntalgestion.com\/ca\/wp-json\/wp\/v2\/pages\/2451\/revisions\/2692"}],"wp:attachment":[{"href":"https:\/\/puntalgestion.com\/ca\/wp-json\/wp\/v2\/media?parent=2451"}],"curies":[{"name":"wp","href":"https:\/\/api.w.org\/{rel}","templated":true}]}}